{"id":1054,"date":"2017-12-14T21:29:13","date_gmt":"2017-12-14T21:29:13","guid":{"rendered":"https:\/\/taxiofficial.be\/?page_id=1054"},"modified":"2024-10-08T19:56:29","modified_gmt":"2024-10-08T18:56:29","slug":"buchen","status":"publish","type":"page","link":"https:\/\/www.taxiofficial.be\/de\/buchen\/","title":{"rendered":"Buchen"},"content":{"rendered":"<p>[vc_row el_class=&#8220;homepage-slider bg-attached&#8220; css=&#8220;.vc_custom_1512596916362{padding-top: 100px !important;padding-bottom: 80px !important;background-image: url(https:\/\/taxiofficial.be\/wp-content\/uploads\/2017\/12\/family-airport-betterpic.jpg?id=869) !important;background-position: center !important;background-repeat: no-repeat !important;background-size: cover !important;}&#8220;][vc_column][vc_custom_heading text=&#8220;The best taxi services&#8220; font_container=&#8220;tag:h1|text_align:center|color:%23ffffff&#8220; google_fonts=&#8220;font_family:Open%20Sans%3A300%2C300italic%2Cregular%2Citalic%2C600%2C600italic%2C700%2C700italic%2C800%2C800italic|font_style:300%20light%20regular%3A300%3Anormal&#8220;][vc_btn title=&#8220;+32 467 63 10 18&#8243; align=&#8220;center&#8220; link=&#8220;url:tel%3A%2B32467631018|||&#8220; el_class=&#8220; slide-call-btn&#8220;][vc_column_text css=&#8220;.vc_custom_1513384443717{border-top-width: 2px !important;border-right-width: 2px !important;border-bottom-width: 2px !important;border-left-width: 2px !important;background-color: #ffffff !important;border-left-color: #dd3333 !important;border-left-style: solid !important;border-right-color: #dd3333 !important;border-right-style: solid !important;border-top-color: #dd3333 !important;border-top-style: solid !important;border-bottom-color: #dd3333 !important;border-bottom-style: solid !important;border-radius: 5px !important;}&#8220;]<\/p>\n<p style=\"text-align: center; color: red;\"><i class=\"fa fa-exclamation-triangle\" aria-hidden=\"true\"><\/i>HIER FINDEN SIE DEN <strong>PREIS<\/strong> UND K\u00d6NNEN, <strong>WENN SIE MIT DEM PREIS EINVERSTANDEN SIND<\/strong>, UMGEHEND BUCHEN.<br \/>\nNACH DER BUCHUNG ERH\u00c4LT DER KUNDE EINE BEST\u00c4TIGUNG, SOWIE DIE KONTAKT-TELEFONNUMMER DES FAHRERS UND EINE NOTRUFNUMMER.<\/p>\n<p>[\/vc_column_text][vc_column_text]<iframe loading=\"lazy\" src=\"https:\/\/app.farebookings.com\/step1ssl.php?k=74bdd2ee399f91baa626bb17224d5390&amp;s=f&amp;d=pp&amp;lng=de\" width=\"100%\" height=\"1300px\" frameborder=\"0\" scrolling=\"no\"><\/iframe>[\/vc_column_text][vc_row_inner][vc_column_inner][vc_column_text][\/vc_column_text][\/vc_column_inner][\/vc_row_inner][\/vc_column][\/vc_row][vc_row css=&#8220;.vc_custom_1483814315556{padding-top: 25px !important;}&#8220;][vc_column][vc_row_inner el_class=&#8220; &#8222;][vc_column_inner][vc_column_text]<\/p>\n<h2 class=\"section-title\" style=\"text-align: center;\">UNSERE AUTOS TAXI FLUGHAFEN SHUTTLE BR\u00dcSSEL CHARLEROI<\/h2>\n<p>[\/vc_column_text][\/vc_column_inner][\/vc_row_inner][vc_row_inner css=&#8220;.vc_custom_1487421391816{padding-top: 15px !important;padding-bottom: 25px !important;}&#8220; el_class=&#8220; container &#8222;][vc_column_inner width=&#8220;1\/3&#8243;][vc_single_image image=&#8220;278&#8243; img_size=&#8220;full&#8220; alignment=&#8220;center&#8220;][vc_column_text]<\/p>\n<h3 style=\"text-align: center;\">Business Class<\/h3>\n<p style=\"text-align: center;\">3 passengers<\/p>\n<p>[\/vc_column_text][\/vc_column_inner][vc_column_inner width=&#8220;1\/3&#8243;][vc_single_image image=&#8220;277&#8243; img_size=&#8220;full&#8220; alignment=&#8220;center&#8220;][vc_column_text]<\/p>\n<h3 style=\"text-align: center;\">Business Minivan<\/h3>\n<p style=\"text-align: center;\">7 passengers<\/p>\n<p>[\/vc_column_text][\/vc_column_inner][vc_column_inner width=&#8220;1\/3&#8243;][vc_single_image image=&#8220;905&#8243; img_size=&#8220;full&#8220; alignment=&#8220;center&#8220;][vc_column_text]<\/p>\n<h3 style=\"text-align: center;\">First Class<\/h3>\n<p style=\"text-align: center;\">4 passengers<\/p>\n<p>[\/vc_column_text][\/vc_column_inner][\/vc_row_inner][\/vc_column][\/vc_row][vc_row css=&#8220;.vc_custom_1483814315556{padding-top: 25px !important;}&#8220;][vc_column][vc_row_inner el_class=&#8220; &#8222;][vc_column_inner][vc_column_text]<\/p>\n<h2 class=\"section-title\" style=\"text-align: center;\">WIE FUNKTIONIERT\u00a0ES ?<\/h2>\n<p style=\"text-align: center;\">Die eifachste weg ein flughafen taxi zu buchen.<\/p>\n<p>[\/vc_column_text][\/vc_column_inner][\/vc_row_inner][vc_row_inner css=&#8220;.vc_custom_1483814902744{padding-top: 15px !important;padding-bottom: 25px !important;}&#8220; el_class=&#8220;how-it-work-section container &#8222;][vc_column_inner width=&#8220;1\/4&#8243;][vc_single_image image=&#8220;215&#8243; img_size=&#8220;full&#8220; alignment=&#8220;center&#8220;][vc_column_text]<\/p>\n<h3>Online-Buchung<\/h3>\n<p>Buchen Sie Ihren Flughafen pendelverkehr online und bezahlen Sie in aller sicherheit mit PayPal | Cart.[\/vc_column_text][\/vc_column_inner][vc_column_inner width=&#8220;1\/4&#8243;][vc_single_image image=&#8220;212&#8243; img_size=&#8220;full&#8220; alignment=&#8220;center&#8220;][vc_column_text]<\/p>\n<h3>Gutschein in Minute<\/h3>\n<p>Erhalten Sie Ihre Best\u00e4tigung und alle Informationen \u00fcber Ihre Buchung in einer Minute in Ihrer E-Mail[\/vc_column_text][\/vc_column_inner][vc_column_inner width=&#8220;1\/4&#8243;][vc_single_image image=&#8220;219&#8243; img_size=&#8220;full&#8220; alignment=&#8220;center&#8220;][vc_column_text]<\/p>\n<h3>Alle aktiven Flughafen<\/h3>\n<p>Wir arbeiten auf dem aktivsten Flughafen in der N\u00e4he von Belgien: Br\u00fcssel | Charleroi | Paris\u00a0| Berlin | Amsterdam[\/vc_column_text][\/vc_column_inner][vc_column_inner width=&#8220;1\/4&#8243;][vc_single_image image=&#8220;214&#8243; img_size=&#8220;full&#8220; alignment=&#8220;center&#8220;][vc_column_text]<\/p>\n<h3>Professionelle Fahrer<\/h3>\n<p>Unser Fahrer wartet Sie\u00a0am Flughafen mit eueren namen auf einem tafel oder tablett[\/vc_column_text][\/vc_column_inner][\/vc_row_inner][vc_row_inner css=&#8220;.vc_custom_1483814902744{padding-top: 15px !important;padding-bottom: 25px !important;}&#8220; el_class=&#8220;how-it-work-section container &#8222;][vc_column_inner width=&#8220;1\/4&#8243;][vc_single_image image=&#8220;764&#8243; img_size=&#8220;full&#8220; alignment=&#8220;center&#8220;][vc_column_text]<\/p>\n<h3>Intercity Verkehr<\/h3>\n<p>Intercity Taxi Service in Belgien. Wir sind\u00a0spezialisiert in Intercity verkehr, Flughafen\u00fcbertragungen und Gesch\u00e4fts\u00fcbertragungen.[\/vc_column_text][\/vc_column_inner][vc_column_inner width=&#8220;1\/4&#8243;][vc_single_image image=&#8220;765&#8243; img_size=&#8220;full&#8220; alignment=&#8220;center&#8220;][vc_column_text]<\/p>\n<h3>Preis<\/h3>\n<p>Taxi Official funktioniert mit klaren Raten. Wir berechnen Ihnen keine zus\u00e4tzlichen Geb\u00fchren.[\/vc_column_text][\/vc_column_inner][vc_column_inner width=&#8220;1\/4&#8243;][vc_single_image image=&#8220;767&#8243; img_size=&#8220;full&#8220; alignment=&#8220;center&#8220;][vc_column_text]<\/p>\n<h3>VIP Service<\/h3>\n<p>Wir bieten professionellen VIP-Transport. Limousinenservice, Abholung am Flughafen, Transfers zum Flughafen und Gruppentransporten.[\/vc_column_text][\/vc_column_inner][vc_column_inner width=&#8220;1\/4&#8243;][vc_single_image image=&#8220;913&#8243; img_size=&#8220;full&#8220; alignment=&#8220;center&#8220;][vc_column_text]<\/p>\n<h3>Private Fahrer<\/h3>\n<p>Z\u00e4hlen Sie auf unsere Fahrer und Autos, die voll lizenziert und versichert sind und in \u00dcbereinstimmung mit den lokalen Vorschriften arbeiten.[\/vc_column_text][\/vc_column_inner][\/vc_row_inner][\/vc_column][\/vc_row][vc_row][vc_column][vc_column_text]<\/p>\n<div id=\"OKAYFREEDOM_INJECTED\" style=\"display: none;\"><\/div>\n<p><script src=\"moz-extension:\/\/2aa4f96a-27f8-4422-b79e-3e61da2b1aba\/web\/libs\/ciuvo-addon-sdk.min.js\" async=\"\"><\/script>[\/vc_column_text][\/vc_column][\/vc_row]<\/p>\n","protected":false},"excerpt":{"rendered":"<p>[vc_row el_class=&#8220;homepage-slider bg-attached&#8220; css=&#8220;.vc_custom_1512596916362{padding-top: 100px !important;padding-bottom: 80px !important;background-image: url(https:\/\/taxiofficial.be\/wp-content\/uploads\/2017\/12\/family-airport-betterpic.jpg?id=869) !important;background-position: center !important;background-repeat: no-repeat !important;background-size: cover !important;}&#8220;][vc_column][vc_custom_heading text=&#8220;The best taxi services&#8220; font_container=&#8220;tag:h1|text_align:center|color:%23ffffff&#8220; google_fonts=&#8220;font_family:Open%20Sans%3A300%2C300italic%2Cregular%2Citalic%2C600%2C600italic%2C700%2C700italic%2C800%2C800italic|font_style:300%20light%20regular%3A300%3Anormal&#8220;][vc_btn title=&#8220;+32 467 63 10 18&#8243; align=&#8220;center&#8220; link=&#8220;url:tel%3A%2B32467631018|||&#8220; el_class=&#8220; slide-call-btn&#8220;][vc_column_text css=&#8220;.vc_custom_1513384443717{border-top-width: 2px !important;border-right-width: 2px !important;border-bottom-width: 2px !important;border-left-width: 2px !important;background-color: #ffffff !important;border-left-color: #dd3333 !important;border-left-style: solid !important;border-right-color: #dd3333 !important;border-right-style: solid !important;border-top-color: #dd3333 !important;border-top-style: solid !important;border-bottom-color: #dd3333 [&hellip;]<\/p>\n","protected":false},"author":1,"featured_media":0,"parent":0,"menu_order":0,"comment_status":"closed","ping_status":"closed","template":"home-page.php","meta":{"_monsterinsights_skip_tracking":false,"_monsterinsights_sitenote_active":false,"_monsterinsights_sitenote_note":"","_monsterinsights_sitenote_category":0,"footnotes":""},"yst_prominent_words":[321,334,333,327,331,330,329,322,328,332,320,323,316,318,179,325,326,85,324,319],"class_list":["post-1054","page","type-page","status-publish","hentry"],"_links":{"self":[{"href":"https:\/\/www.taxiofficial.be\/de\/wp-json\/wp\/v2\/pages\/1054","targetHints":{"allow":["GET"]}}],"collection":[{"href":"https:\/\/www.taxiofficial.be\/de\/wp-json\/wp\/v2\/pages"}],"about":[{"href":"https:\/\/www.taxiofficial.be\/de\/wp-json\/wp\/v2\/types\/page"}],"author":[{"embeddable":true,"href":"https:\/\/www.taxiofficial.be\/de\/wp-json\/wp\/v2\/users\/1"}],"replies":[{"embeddable":true,"href":"https:\/\/www.taxiofficial.be\/de\/wp-json\/wp\/v2\/comments?post=1054"}],"version-history":[{"count":6,"href":"https:\/\/www.taxiofficial.be\/de\/wp-json\/wp\/v2\/pages\/1054\/revisions"}],"predecessor-version":[{"id":2655,"href":"https:\/\/www.taxiofficial.be\/de\/wp-json\/wp\/v2\/pages\/1054\/revisions\/2655"}],"wp:attachment":[{"href":"https:\/\/www.taxiofficial.be\/de\/wp-json\/wp\/v2\/media?parent=1054"}],"wp:term":[{"taxonomy":"yst_prominent_words","embeddable":true,"href":"https:\/\/www.taxiofficial.be\/de\/wp-json\/wp\/v2\/yst_prominent_words?post=1054"}],"curies":[{"name":"wp","href":"https:\/\/api.w.org\/{rel}","templated":true}]}}