{"id":382,"date":"2017-03-16T12:12:38","date_gmt":"2017-03-16T12:12:38","guid":{"rendered":"http:\/\/wpdemo.kimarotec.net\/wp-taxi-theme\/?page_id=382"},"modified":"2018-01-23T12:04:23","modified_gmt":"2018-01-23T12:04:23","slug":"servicios","status":"publish","type":"page","link":"https:\/\/www.taxiofficial.be\/es\/servicios\/","title":{"rendered":"Servicios"},"content":{"rendered":"<p>[vc_row el_class=\u00bb services-section \u00ab][vc_column width=\u00bb1\/2&#8243; css=\u00bb.vc_custom_1459394023701{padding-top: 70px !important;}\u00bb][vc_single_image image=\u00bb789&#8243; img_size=\u00bbmedium\u00bb alignment=\u00bbcenter\u00bb style=\u00bbvc_box_circle_2&#8243;][\/vc_column][vc_column width=\u00bb1\/2&#8243; css=\u00bb.vc_custom_1487425462442{padding-top: 80px !important;}\u00bb][vc_column_text]<\/p>\n<h3>Taxi del aeropuerto &#8211; Traslados al aeropuerto<\/h3>\n<p>Traslados aeropuerto: taxi al Aeropuerto Internacional de Bruselas (Aeropuerto de Zaventem), Aeropuerto de Charleroi, Aeropuerto de Ostende, Aeropuerto de Schiphol y al Aeropuerto de Dusseldorf entre otros. Proporcionamos transporte nacional e internacional a los aeropuertos. Haga su reserva online, con al menos 1 d\u00eda de antelaci\u00f3n y \u00e9sta le ser\u00e1 confirmada por correo electr\u00f3nico. Para cualquier duda que pueda surgirle ofrecemos respuesta en menos de 24 horas en nuestro servicio de chat o si lo prefiere por correo electr\u00f3nico.[\/vc_column_text][\/vc_column][\/vc_row][vc_row el_class=\u00bb services-section \u00ab][vc_column width=\u00bb1\/2&#8243; css=\u00bb.vc_custom_1459394023701{padding-top: 70px !important;}\u00bb][vc_column_text]<\/p>\n<h2 class=\"title-heading-left\" style=\"text-align: right;\">Recogida en el aeropuerto. Servicio de recogida y bienvenida:<\/h2>\n<p style=\"text-align: right;\">En el aeropuerto de Bruselas Zaventem, el ch\u00f3fer le esperar\u00e1 frente al Java Coffee Shop con el cartel con su nombre.<\/p>\n<p>[\/vc_column_text][vc_column_text]<\/p>\n<p>&nbsp;<\/p>\n<p>&nbsp;<\/p>\n<p>&nbsp;<\/p>\n<p>[\/vc_column_text][vc_column_text]<\/p>\n<p style=\"text-align: right;\">Charleroi Aeropuerto recogida:<br \/>\nEn el Aeropuerto de Charleroi, el conductor le esperar\u00e1 enfrente de la chocolater\u00eda Leonidas con el cartel con su nombre.<\/p>\n<p>[\/vc_column_text][\/vc_column][vc_column width=\u00bb1\/2&#8243;][vc_single_image image=\u00bb790&#8243; img_size=\u00bbmedium\u00bb alignment=\u00bbcenter\u00bb style=\u00bbvc_box_circle_2&#8243;][vc_single_image image=\u00bb791&#8243; img_size=\u00bbmedium\u00bb alignment=\u00bbcenter\u00bb style=\u00bbvc_box_circle_2&#8243;][\/vc_column][\/vc_row][vc_row el_class=\u00bb services-section \u00ab][vc_column width=\u00bb1\/2&#8243; css=\u00bb.vc_custom_1459394023701{padding-top: 70px !important;}\u00bb][vc_single_image image=\u00bb795&#8243; img_size=\u00bbmedium\u00bb alignment=\u00bbcenter\u00bb style=\u00bbvc_box_circle_2&#8243;][\/vc_column][vc_column width=\u00bb1\/2&#8243; css=\u00bb.vc_custom_1487425473732{padding-top: 80px !important;}\u00bb][vc_column_text]<\/p>\n<h3 style=\"text-align: left;\">Servicio FilghtTrack<\/h3>\n<p style=\"text-align: left;\">Nuestros conductores usan tel\u00e9fonos inteligentes para rastrear el estado de su vuelo.<\/p>\n<p style=\"text-align: left;\">En el caso de reservar en el sitio, le pedimos que recuerde darnos su n\u00famero de vuelo y su n\u00famero de tel\u00e9fono m\u00f3vil. En los campos \u00abinformaci\u00f3n adicional\u00bb, agregue: equipaje adicional, cochecito, lugar de ni\u00f1o (se debe mencionar la edad del ni\u00f1o) o haga una pregunta espec\u00edfica.<\/p>\n<p>[\/vc_column_text][\/vc_column][\/vc_row]<\/p>\n","protected":false},"excerpt":{"rendered":"<p>[vc_row el_class=\u00bb services-section \u00ab][vc_column width=\u00bb1\/2&#8243; css=\u00bb.vc_custom_1459394023701{padding-top: 70px !important;}\u00bb][vc_single_image image=\u00bb789&#8243; img_size=\u00bbmedium\u00bb alignment=\u00bbcenter\u00bb style=\u00bbvc_box_circle_2&#8243;][\/vc_column][vc_column width=\u00bb1\/2&#8243; css=\u00bb.vc_custom_1487425462442{padding-top: 80px !important;}\u00bb][vc_column_text] Taxi del aeropuerto &#8211; Traslados al aeropuerto Traslados aeropuerto: taxi al Aeropuerto Internacional de Bruselas (Aeropuerto de Zaventem), Aeropuerto de Charleroi, Aeropuerto de Ostende, Aeropuerto de Schiphol y al Aeropuerto de Dusseldorf entre otros. Proporcionamos transporte nacional e internacional [&hellip;]<\/p>\n","protected":false},"author":1,"featured_media":0,"parent":0,"menu_order":0,"comment_status":"closed","ping_status":"closed","template":"","meta":{"_monsterinsights_skip_tracking":false,"_monsterinsights_sitenote_active":false,"_monsterinsights_sitenote_note":"","_monsterinsights_sitenote_category":0,"footnotes":""},"yst_prominent_words":[439,424,431,440,436,428,434,426,422,437,257,433,435,427,423,430,429,425,432,438],"class_list":["post-382","page","type-page","status-publish","hentry"],"_links":{"self":[{"href":"https:\/\/www.taxiofficial.be\/es\/wp-json\/wp\/v2\/pages\/382","targetHints":{"allow":["GET"]}}],"collection":[{"href":"https:\/\/www.taxiofficial.be\/es\/wp-json\/wp\/v2\/pages"}],"about":[{"href":"https:\/\/www.taxiofficial.be\/es\/wp-json\/wp\/v2\/types\/page"}],"author":[{"embeddable":true,"href":"https:\/\/www.taxiofficial.be\/es\/wp-json\/wp\/v2\/users\/1"}],"replies":[{"embeddable":true,"href":"https:\/\/www.taxiofficial.be\/es\/wp-json\/wp\/v2\/comments?post=382"}],"version-history":[{"count":6,"href":"https:\/\/www.taxiofficial.be\/es\/wp-json\/wp\/v2\/pages\/382\/revisions"}],"predecessor-version":[{"id":842,"href":"https:\/\/www.taxiofficial.be\/es\/wp-json\/wp\/v2\/pages\/382\/revisions\/842"}],"wp:attachment":[{"href":"https:\/\/www.taxiofficial.be\/es\/wp-json\/wp\/v2\/media?parent=382"}],"wp:term":[{"taxonomy":"yst_prominent_words","embeddable":true,"href":"https:\/\/www.taxiofficial.be\/es\/wp-json\/wp\/v2\/yst_prominent_words?post=382"}],"curies":[{"name":"wp","href":"https:\/\/api.w.org\/{rel}","templated":true}]}}