{"id":383,"date":"2017-03-16T12:13:13","date_gmt":"2017-03-16T12:13:13","guid":{"rendered":"http:\/\/wpdemo.kimarotec.net\/wp-taxi-theme\/?page_id=383"},"modified":"2024-11-26T15:34:05","modified_gmt":"2024-11-26T15:34:05","slug":"domicilio","status":"publish","type":"page","link":"https:\/\/www.taxiofficial.be\/es\/","title":{"rendered":"Domicilio"},"content":{"rendered":"<p>[vc_row el_class=\u00bbhomepage-slider bg-attached\u00bb css=\u00bb.vc_custom_1512689653227{padding-top: 100px !important;padding-bottom: 80px !important;background-image: url(https:\/\/taxiofficial.be\/wp-content\/uploads\/2017\/12\/family-airport-betterpic.jpg?id=869) !important;background-position: center !important;background-repeat: no-repeat !important;background-size: cover !important;}\u00bb][vc_column][vc_custom_heading text=\u00bbTaxi Traslados del Aeropuerto de Charleroi a Bajo Costo\u00bb font_container=\u00bbtag:h2|text_align:center|color:%23ffffff\u00bb google_fonts=\u00bbfont_family:Open%20Sans%3A300%2C300italic%2Cregular%2Citalic%2C600%2C600italic%2C700%2C700italic%2C800%2C800italic|font_style:800%20bold%20regular%3A800%3Anormal\u00bb css_animation=\u00bbbounceInDown\u00bb][vc_custom_heading text=\u00bbTransporte interurbano y de larga distancia\u00bb font_container=\u00bbtag:h2|text_align:center|color:%23ffffff\u00bb google_fonts=\u00bbfont_family:Open%20Sans%3A300%2C300italic%2Cregular%2Citalic%2C600%2C600italic%2C700%2C700italic%2C800%2C800italic|font_style:800%20bold%20regular%3A800%3Anormal\u00bb css_animation=\u00bbbounceInLeft\u00bb][vc_custom_heading text=\u00bbTraslados y Taxi Privados para Grupos\u00bb font_container=\u00bbtag:h2|text_align:center|color:%23ffffff\u00bb google_fonts=\u00bbfont_family:Open%20Sans%3A300%2C300italic%2Cregular%2Citalic%2C600%2C600italic%2C700%2C700italic%2C800%2C800italic|font_style:800%20bold%20regular%3A800%3Anormal\u00bb css_animation=\u00bbbounceInRight\u00bb][vc_custom_heading text=\u00bbTransferencias VIP\u00bb font_container=\u00bbtag:h2|text_align:center|color:%23ffffff\u00bb google_fonts=\u00bbfont_family:Open%20Sans%3A300%2C300italic%2Cregular%2Citalic%2C600%2C600italic%2C700%2C700italic%2C800%2C800italic|font_style:800%20bold%20regular%3A800%3Anormal\u00bb css_animation=\u00bbbounceInUp\u00bb][vc_btn title=\u00bb+32 465 65 52 91&#8243; align=\u00bbcenter\u00bb link=\u00bburl:tel%3A%2B32465655291|||\u00bb el_class=\u00bb slide-call-btn\u00bb][vc_btn title=\u00bbReservar \u00bb align=\u00bbcenter\u00bb link=\u00bburl:https%3A%2F%2Fwww.taxiofficial.be%2Fes%2Freserva%2F|||\u00bb el_class=\u00bb slide-call-btn\u00bb][\/vc_column][\/vc_row][vc_row el_class=\u00bbcontainer\u00bb][vc_column][vc_row_inner][vc_column_inner][vc_column_text]<\/p>\n<h1 style=\"text-align: center;\">Taxi Traslados Aeropuerto de Charleroi<\/h1>\n<p style=\"text-align: center;\">La manera m\u00e1s f\u00e1cil de reservar su Taxi traslado al aeropuerto desde \/ hacia los aeropuertos<\/p>\n<p>[\/vc_column_text][\/vc_column_inner][\/vc_row_inner][vc_row_inner el_class=\u00bbcontainer\u00bb][vc_column_inner width=\u00bb1\/3&#8243;][vc_single_image image=\u00bb1534&#8243; img_size=\u00bb139&#215;135&#8243; alignment=\u00bbcenter\u00bb][vc_column_text]<\/p>\n<h4 style=\"text-align: left;\"><img loading=\"lazy\" decoding=\"async\" class=\"size-full wp-image-1537 alignleft\" src=\"https:\/\/www.taxiofficial.be\/wp-content\/uploads\/2018\/03\/1nl-1.jpeg\" alt=\"1\" width=\"85\" height=\"47\" \/><strong>Programe su traslado desde o hacia el aeropuerto con total tranquilidad<\/strong><\/h4>\n<p>[\/vc_column_text][\/vc_column_inner][vc_column_inner width=\u00bb1\/3&#8243;][vc_single_image image=\u00bb1535&#8243; img_size=\u00bb139&#215;135&#8243; alignment=\u00bbcenter\u00bb][vc_column_text]<\/p>\n<h4 style=\"text-align: left;\"><img loading=\"lazy\" decoding=\"async\" class=\"alignleft wp-image-1541 size-full\" src=\"https:\/\/www.taxiofficial.be\/wp-content\/uploads\/2018\/03\/2nl-1.jpeg\" alt=\"2\" width=\"85\" height=\"47\" \/><strong>Diferentes m\u00e9todos de pago para que pueda reservar con seguridad<\/strong><\/h4>\n<p>[\/vc_column_text][\/vc_column_inner][vc_column_inner width=\u00bb1\/3&#8243;][vc_single_image image=\u00bb1536&#8243; img_size=\u00bb139&#215;135&#8243; alignment=\u00bbcenter\u00bb][vc_column_text]<\/p>\n<h4 style=\"text-align: left;\"><img loading=\"lazy\" decoding=\"async\" class=\"alignleft wp-image-1542 size-full\" src=\"https:\/\/www.taxiofficial.be\/wp-content\/uploads\/2018\/03\/3nl.png\" alt=\"3\" width=\"85\" height=\"47\" \/>Confirmation envoy\u00e9e par mail apr\u00e8s la r\u00e9servation de votre taxi.<\/h4>\n<p>[\/vc_column_text][\/vc_column_inner][\/vc_row_inner][\/vc_column][\/vc_row][vc_row css=\u00bb.vc_custom_1483814315556{padding-top: 25px !important;}\u00bb][vc_column][vc_row_inner css=\u00bb.vc_custom_1483814902744{padding-top: 15px !important;padding-bottom: 25px !important;}\u00bb el_class=\u00bbhow-it-work-section container \u00ab][vc_column_inner width=\u00bb1\/4&#8243;][vc_single_image image=\u00bb764&#8243; img_size=\u00bbfull\u00bb alignment=\u00bbcenter\u00bb][vc_column_text]<\/p>\n<h3 style=\"text-align: center;\">Intercity Transferencias<\/h3>\n<p style=\"text-align: center;\">Reserve en l\u00ednea al mejor Precio y page con tarjeta ou directamente a el conductor<\/p>\n<p>[\/vc_column_text][\/vc_column_inner][vc_column_inner width=\u00bb1\/4&#8243;][vc_single_image image=\u00bb765&#8243; img_size=\u00bbfull\u00bb alignment=\u00bbcenter\u00bb][vc_column_text]<\/p>\n<h3>Precio<\/h3>\n<p>Taxi Official funciona con tarifas claras. No le cobramos tarifas adicionales.[\/vc_column_text][\/vc_column_inner][vc_column_inner width=\u00bb1\/4&#8243;][vc_single_image image=\u00bb767&#8243; img_size=\u00bbfull\u00bb alignment=\u00bbcenter\u00bb][vc_column_text]<\/p>\n<h3>Servicio VIP<\/h3>\n<p>Ofrecemos transporte VIP profesional. Servicio de limusinas, recogidas en el aeropuerto, traslados a aeropuertos y transporte colectivo.[\/vc_column_text][\/vc_column_inner][vc_column_inner width=\u00bb1\/4&#8243;][vc_single_image image=\u00bb913&#8243; img_size=\u00bbfull\u00bb alignment=\u00bbcenter\u00bb][vc_column_text]<\/p>\n<h3>Conductores privados<\/h3>\n<p>Cuente con conductores y veh\u00edculos con licencia y seguro completos, y opere de acuerdo con las regulaciones locales.[\/vc_column_text][\/vc_column_inner][\/vc_row_inner][\/vc_column][\/vc_row][vc_row css=\u00bb.vc_custom_1518722042842{padding-top: 25px !important;}\u00bb el_class=\u00bbcontainer\u00bb][vc_column][vc_row_inner el_class=\u00bb container\u00bb][vc_column_inner][vc_text_separator title=\u00bbevaluar el tiempo y el precio estimado de su corsa de taxi aeropuerto sobre bruselas o belgica. haga un presupuesto y compruebe!\u00bb i_icon_fontawesome=\u00bbfa fa-calculator\u00bb i_color=\u00bborange\u00bb i_size=\u00bblg\u00bb color=\u00bborange\u00bb style=\u00bbdashed\u00bb add_icon=\u00bbtrue\u00bb][vc_column_text]<\/p>\n<h1 class=\"section-title\" style=\"text-align: center;\">Taxi Charleroi Bruselas a Brujas, Gante, Amberes a Bajo Costo<\/h1>\n<p>[\/vc_column_text][vc_column_text]<\/p>\n<p style=\"text-align: center;\"><strong>Taxi Traslados\u00a0 desde los Aeropuertos de Bruselas charleroi<\/strong> hasta vuestra Destination<\/p>\n<p>[\/vc_column_text][vc_column_text]<\/p>\n<p style=\"text-align: center;\">Viajas en grupo? En solitario? Para su trabajo o para tus vacaciones? Ofrecemos opciones de taxi Traslados a el Aeropuerto\u00a0 de Bruselas y de Charleroi que convienen a su presupuesto y el estilo de sus viajes.<\/p>\n<p>[\/vc_column_text][vc_column_text]<\/p>\n<p style=\"text-align: center;\">Su taxi est\u00e1 disponible desde el aeropuerto de Bruselas <strong>Zaventem=Charleroi<\/strong> y <strong>Charleroi=Zaventem<\/strong>, las estaciones de tren de Bruselas y B\u00e9lgica estaciones. <strong>Taxi Traslados\u00a0aeropuerto <\/strong>gestiona todas sus viajes personales y profesionales. No pierdas el tiempo en la reserva de su taxi.<\/p>\n<p>[\/vc_column_text][\/vc_column_inner][\/vc_row_inner][vc_row_inner css=\u00bb.vc_custom_1487421391816{padding-top: 15px !important;padding-bottom: 25px !important;}\u00bb el_class=\u00bb container \u00ab][vc_column_inner width=\u00bb1\/3&#8243;][vc_single_image image=\u00bb278&#8243; img_size=\u00bbfull\u00bb alignment=\u00bbcenter\u00bb][vc_column_text]<\/p>\n<h3 style=\"text-align: center;\">Business Class<\/h3>\n<p style=\"text-align: center;\">3 passengers<\/p>\n<p>[\/vc_column_text][\/vc_column_inner][vc_column_inner width=\u00bb1\/3&#8243;][vc_single_image image=\u00bb277&#8243; img_size=\u00bbfull\u00bb alignment=\u00bbcenter\u00bb][vc_column_text]<\/p>\n<h3 style=\"text-align: center;\">Business Minivan<\/h3>\n<p style=\"text-align: center;\">7 passengers<\/p>\n<p>[\/vc_column_text][\/vc_column_inner][vc_column_inner width=\u00bb1\/3&#8243;][vc_single_image image=\u00bb276&#8243; img_size=\u00bbfull\u00bb alignment=\u00bbcenter\u00bb][vc_column_text]<\/p>\n<h3 style=\"text-align: center;\">First Class<\/h3>\n<p style=\"text-align: center;\">4 passengers<\/p>\n<p>[\/vc_column_text][\/vc_column_inner][\/vc_row_inner][\/vc_column][\/vc_row][vc_row css=\u00bb.vc_custom_1483926916801{background-color: #f7f7f7 !important;}\u00bb][vc_column][vc_row_inner][vc_column_inner][vc_column_text el_class=\u00bb center\u00bb]<\/p>\n<div class=\"row\">\n<div class=\"col-md-6 col-md-offset-3 text-center fh5co-heading animate-box fadeInUp animated\">\n<h2>Transferencias y Traslados desde los aeropuertos de Charleroi y de Bruselas Zaventem<\/h2>\n<p>El precio fijo a \/ desde el aeropuerto principal en franc\u00e9s a todas las ciudades<\/p>\n<\/div>\n<\/div>\n<p>[\/vc_column_text] <div id = \"fh5co-work-section\" class = \"fh5co-light-grey-section\">\r\n                     <div class = \"container\">\r\n                     <div class = \"row\"> <div class=\"col-md-4 animate-box fadeInUp animated\">    <span href=\"#\" class=\"item-grid text-center\">        <div class=\"image\" style=\"background-image: url(https:\/\/www.taxiofficial.be\/wp-content\/uploads\/2017\/12\/zaventem.png)\"><\/div>        <div class=\"v-align\">            <div class=\"v-align-middle\">                <h3 class=\"title\">Bruxelles                     <i class=\"fa fa-exchange\" aria-hidden=\"true\"><\/i> Zaventem                 <\/h3>                <h5 class=\"price_tbl\">                    <span class=\"price_\">53<\/span>                    <span class=\"currency_\"> \u20ac<\/span>                    <span class=\"pax_\">\/ 4 Max<\/span>                  <\/h5>                <a onclick=\"use_this_offer(989)\" class=\"btn btn-primary\">Book Now<\/a>            <\/div>        <\/div>    <\/span> <\/div> <div class=\"col-md-4 animate-box fadeInUp animated\">    <span href=\"#\" class=\"item-grid text-center\">        <div class=\"image\" style=\"background-image: url(https:\/\/www.taxiofficial.be\/wp-content\/uploads\/2016\/03\/charleroi.jpg)\"><\/div>        <div class=\"v-align\">            <div class=\"v-align-middle\">                <h3 class=\"title\">Bruxelles                     <i class=\"fa fa-exchange\" aria-hidden=\"true\"><\/i> Charleroi                <\/h3>                <h5 class=\"price_tbl\">                    <span class=\"price_\">108<\/span>                    <span class=\"currency_\"> \u20ac<\/span>                    <span class=\"pax_\">\/ 4 Max<\/span>                  <\/h5>                <a onclick=\"use_this_offer(988)\" class=\"btn btn-primary\">Book Now<\/a>            <\/div>        <\/div>    <\/span> <\/div> <div class=\"col-md-4 animate-box fadeInUp animated\">    <span href=\"#\" class=\"item-grid text-center\">        <div class=\"image\" style=\"background-image: url(https:\/\/www.taxiofficial.be\/wp-content\/uploads\/2016\/03\/airport-liege.jpg)\"><\/div>        <div class=\"v-align\">            <div class=\"v-align-middle\">                <h3 class=\"title\">Charleroi                    <i class=\"fa fa-exchange\" aria-hidden=\"true\"><\/i> Bruxelles                <\/h3>                <h5 class=\"price_tbl\">                    <span class=\"price_\">93<\/span>                    <span class=\"currency_\"> \u20ac<\/span>                    <span class=\"pax_\">\/ 8 Max<\/span>                  <\/h5>                <a onclick=\"use_this_offer(987)\" class=\"btn btn-primary\">Book Now<\/a>            <\/div>        <\/div>    <\/span> <\/div>  <\/div>\r\n                    <\/div>\r\n                    <\/div> [\/vc_column_inner][\/vc_row_inner][vc_row_inner][vc_column_inner][\/vc_column_inner][\/vc_row_inner][\/vc_column][\/vc_row]<\/p>\n","protected":false},"excerpt":{"rendered":"<p>[vc_row el_class=\u00bbhomepage-slider bg-attached\u00bb css=\u00bb.vc_custom_1512689653227{padding-top: 100px !important;padding-bottom: 80px !important;background-image: url(https:\/\/taxiofficial.be\/wp-content\/uploads\/2017\/12\/family-airport-betterpic.jpg?id=869) !important;background-position: center !important;background-repeat: no-repeat !important;background-size: cover !important;}\u00bb][vc_column][vc_custom_heading text=\u00bbTaxi Traslados del Aeropuerto de Charleroi a Bajo Costo\u00bb font_container=\u00bbtag:h2|text_align:center|color:%23ffffff\u00bb google_fonts=\u00bbfont_family:Open%20Sans%3A300%2C300italic%2Cregular%2Citalic%2C600%2C600italic%2C700%2C700italic%2C800%2C800italic|font_style:800%20bold%20regular%3A800%3Anormal\u00bb css_animation=\u00bbbounceInDown\u00bb][vc_custom_heading text=\u00bbTransporte interurbano y de larga distancia\u00bb font_container=\u00bbtag:h2|text_align:center|color:%23ffffff\u00bb google_fonts=\u00bbfont_family:Open%20Sans%3A300%2C300italic%2Cregular%2Citalic%2C600%2C600italic%2C700%2C700italic%2C800%2C800italic|font_style:800%20bold%20regular%3A800%3Anormal\u00bb css_animation=\u00bbbounceInLeft\u00bb][vc_custom_heading text=\u00bbTraslados y Taxi Privados para Grupos\u00bb font_container=\u00bbtag:h2|text_align:center|color:%23ffffff\u00bb google_fonts=\u00bbfont_family:Open%20Sans%3A300%2C300italic%2Cregular%2Citalic%2C600%2C600italic%2C700%2C700italic%2C800%2C800italic|font_style:800%20bold%20regular%3A800%3Anormal\u00bb css_animation=\u00bbbounceInRight\u00bb][vc_custom_heading text=\u00bbTransferencias VIP\u00bb font_container=\u00bbtag:h2|text_align:center|color:%23ffffff\u00bb google_fonts=\u00bbfont_family:Open%20Sans%3A300%2C300italic%2Cregular%2Citalic%2C600%2C600italic%2C700%2C700italic%2C800%2C800italic|font_style:800%20bold%20regular%3A800%3Anormal\u00bb css_animation=\u00bbbounceInUp\u00bb][vc_btn title=\u00bb+32 465 65 52 [&hellip;]<\/p>\n","protected":false},"author":1,"featured_media":0,"parent":0,"menu_order":0,"comment_status":"closed","ping_status":"closed","template":"home-page.php","meta":{"_monsterinsights_skip_tracking":false,"_monsterinsights_sitenote_active":false,"_monsterinsights_sitenote_note":"","_monsterinsights_sitenote_category":0,"footnotes":""},"yst_prominent_words":[424,569,564,568,270,562,763,761,443,433,567,450,764,790,662,572,570,762,760,759],"class_list":["post-383","page","type-page","status-publish","hentry"],"_links":{"self":[{"href":"https:\/\/www.taxiofficial.be\/es\/wp-json\/wp\/v2\/pages\/383","targetHints":{"allow":["GET"]}}],"collection":[{"href":"https:\/\/www.taxiofficial.be\/es\/wp-json\/wp\/v2\/pages"}],"about":[{"href":"https:\/\/www.taxiofficial.be\/es\/wp-json\/wp\/v2\/types\/page"}],"author":[{"embeddable":true,"href":"https:\/\/www.taxiofficial.be\/es\/wp-json\/wp\/v2\/users\/1"}],"replies":[{"embeddable":true,"href":"https:\/\/www.taxiofficial.be\/es\/wp-json\/wp\/v2\/comments?post=383"}],"version-history":[{"count":23,"href":"https:\/\/www.taxiofficial.be\/es\/wp-json\/wp\/v2\/pages\/383\/revisions"}],"predecessor-version":[{"id":2721,"href":"https:\/\/www.taxiofficial.be\/es\/wp-json\/wp\/v2\/pages\/383\/revisions\/2721"}],"wp:attachment":[{"href":"https:\/\/www.taxiofficial.be\/es\/wp-json\/wp\/v2\/media?parent=383"}],"wp:term":[{"taxonomy":"yst_prominent_words","embeddable":true,"href":"https:\/\/www.taxiofficial.be\/es\/wp-json\/wp\/v2\/yst_prominent_words?post=383"}],"curies":[{"name":"wp","href":"https:\/\/api.w.org\/{rel}","templated":true}]}}