{"id":325,"date":"2017-03-16T11:38:22","date_gmt":"2017-03-16T11:38:22","guid":{"rendered":"http:\/\/wpdemo.kimarotec.net\/wp-taxi-theme\/?page_id=325"},"modified":"2025-05-27T16:49:02","modified_gmt":"2025-05-27T15:49:02","slug":"reservation","status":"publish","type":"page","link":"https:\/\/www.taxiofficial.be\/fr\/reservation\/","title":{"rendered":"R\u00e9servation"},"content":{"rendered":"<p>[vc_row el_class=\u00a0\u00bbhomepage-slider bg-attached\u00a0\u00bb css=\u00a0\u00bb.vc_custom_1512680638564{padding-top: 100px !important;padding-bottom: 80px !important;background-image: url(https:\/\/taxiofficial.be\/wp-content\/uploads\/2017\/01\/business2.jpg?id=464) !important;background-position: center !important;background-repeat: no-repeat !important;background-size: cover !important;}\u00a0\u00bb][vc_column][vc_custom_heading text=\u00a0\u00bbTaxi Navettes au meilleur prix\u00a0\u00bb font_container=\u00a0\u00bbtag:h1|text_align:center|color:%23ffffff\u00a0\u00bb google_fonts=\u00a0\u00bbfont_family:Open%20Sans%3A300%2C300italic%2Cregular%2Citalic%2C600%2C600italic%2C700%2C700italic%2C800%2C800italic|font_style:300%20light%20regular%3A300%3Anormal\u00a0\u00bb][vc_btn title=\u00a0\u00bb+32 465 65 52 91&Prime; align=\u00a0\u00bbcenter\u00a0\u00bb link=\u00a0\u00bburl:tel%3A%2B32467631018|||\u00a0\u00bb el_class=\u00a0\u00bb slide-call-btn\u00a0\u00bb][vc_column_text css=\u00a0\u00bb.vc_custom_1542279964015{border-top-width: 2px !important;border-right-width: 2px !important;border-bottom-width: 2px !important;border-left-width: 2px !important;background-color: #ffffff !important;border-left-color: #dd3333 !important;border-left-style: solid !important;border-right-color: #dd3333 !important;border-right-style: solid !important;border-top-color: #dd3333 !important;border-top-style: solid !important;border-bottom-color: #dd3333 !important;border-bottom-style: solid !important;border-radius: 5px !important;}\u00a0\u00bb]<\/p>\n<p style=\"text-align: center; color: red;\"><i class=\"fa fa-exclamation-triangle\" aria-hidden=\"true\"><\/i> ICI VOUS POUVEZ FAIRE VOTRE <strong>ESTIMATION DE PRIX<\/strong> ET RESERVER VOTRE TRANSFERT SI LE PRIX VOUS CONVIENT.<br \/>\nUNE FOIS LA RESERVATION CONFIRM\u00c9E, VOUS\u00a0RECEVREZ\u00a0 LE NUM\u00c9RO DE CONTACT DU CHAUFFEUR ET LE NUM\u00c9RO DE T\u00c9L\u00c9PHONE D\u2019URGENCES.<\/p>\n<p style=\"text-align: center; color: red;\"><i class=\"fa fa-exclamation-triangle\" aria-hidden=\"true\"><\/i> VERIFIER QUE VOTRE EMAIL SOIT BIEN CORRECT POUR RECEVOIR NOTRE CONFIRMATION<\/p>\n<p>&nbsp;<\/p>\n<p>[\/vc_column_text][vc_column_text]<iframe loading=\"lazy\" src=\"https:\/\/app.farebookings.com\/step1ssl.php?k=74bdd2ee399f91baa626bb17224d5390&amp;s=f&amp;d=pp&amp;lng=fr\" width=\"100%\" height=\"1300px\" frameborder=\"0\" scrolling=\"no\"><\/iframe>[\/vc_column_text][vc_row_inner][vc_column_inner][vc_column_text][\/vc_column_text][\/vc_column_inner][\/vc_row_inner][\/vc_column][\/vc_row][vc_row css=\u00a0\u00bb.vc_custom_1483814315556{padding-top: 25px !important;}\u00a0\u00bb][vc_column][vc_row_inner el_class=\u00a0\u00bb \u00ab\u00a0][vc_column_inner][vc_column_text]<\/p>\n<h2 class=\"section-title\" style=\"text-align: center;\">NOS VOITURES<\/h2>\n<p>[\/vc_column_text][\/vc_column_inner][\/vc_row_inner][vc_row_inner css=\u00a0\u00bb.vc_custom_1487421391816{padding-top: 15px !important;padding-bottom: 25px !important;}\u00a0\u00bb el_class=\u00a0\u00bb container \u00ab\u00a0][vc_column_inner width=\u00a0\u00bb1\/3&Prime;][vc_single_image image=\u00a0\u00bb278&Prime; img_size=\u00a0\u00bbfull\u00a0\u00bb alignment=\u00a0\u00bbcenter\u00a0\u00bb][vc_column_text]<\/p>\n<h3 style=\"text-align: center;\">Business Class<\/h3>\n<p style=\"text-align: center;\">4 passengers<\/p>\n<p>[\/vc_column_text][\/vc_column_inner][vc_column_inner width=\u00a0\u00bb1\/3&Prime;][vc_single_image image=\u00a0\u00bb277&Prime; img_size=\u00a0\u00bbfull\u00a0\u00bb alignment=\u00a0\u00bbcenter\u00a0\u00bb][vc_column_text]<\/p>\n<h3 style=\"text-align: center;\">Business Minivan<\/h3>\n<p style=\"text-align: center;\">7 passengers<\/p>\n<p>[\/vc_column_text][\/vc_column_inner][vc_column_inner width=\u00a0\u00bb1\/3&Prime;][vc_single_image image=\u00a0\u00bb905&Prime; img_size=\u00a0\u00bbfull\u00a0\u00bb alignment=\u00a0\u00bbcenter\u00a0\u00bb][vc_column_text]<\/p>\n<h3 style=\"text-align: center;\">First Class<\/h3>\n<p style=\"text-align: center;\">3 passengers<\/p>\n<p>[\/vc_column_text][\/vc_column_inner][\/vc_row_inner][\/vc_column][\/vc_row][vc_row css=\u00a0\u00bb.vc_custom_1483814315556{padding-top: 25px !important;}\u00a0\u00bb][vc_column][vc_row_inner el_class=\u00a0\u00bb \u00ab\u00a0][vc_column_inner][vc_column_text]<\/p>\n<h2 class=\"section-title\" style=\"text-align: center;\">COMMENT \u00c7A MARCHE ?<\/h2>\n<p style=\"text-align: center;\">Le moyen le plus simple de vous faire une surprise \u00e0 l\u2019a\u00e9roport<\/p>\n<p>[\/vc_column_text][\/vc_column_inner][\/vc_row_inner][vc_row_inner css=\u00a0\u00bb.vc_custom_1483814902744{padding-top: 15px !important;padding-bottom: 25px !important;}\u00a0\u00bb el_class=\u00a0\u00bbhow-it-work-section container \u00ab\u00a0][vc_column_inner width=\u00a0\u00bb1\/4&Prime;][vc_single_image image=\u00a0\u00bb215&Prime; img_size=\u00a0\u00bbfull\u00a0\u00bb alignment=\u00a0\u00bbcenter\u00a0\u00bb][vc_column_text]<\/p>\n<h3>Reservation en ligne<\/h3>\n<p>R\u00e9servez en ligne en\u00a0 2 minutes chrono &amp; payez en ligne ou au chauffeur en toute s\u00e9curit\u00e9 Paypal &amp; Carte de Cr\u00e9dit .[\/vc_column_text][\/vc_column_inner][vc_column_inner width=\u00a0\u00bb1\/4&Prime;][vc_single_image image=\u00a0\u00bb212&Prime; img_size=\u00a0\u00bbfull\u00a0\u00bb alignment=\u00a0\u00bbcenter\u00a0\u00bb][vc_column_text]<\/p>\n<h3>Confirmation par mail<\/h3>\n<p>Obtenez toutes les informations sur votre transfert en quelques minutes dans votre email.[\/vc_column_text][\/vc_column_inner][vc_column_inner width=\u00a0\u00bb1\/4&Prime;][vc_single_image image=\u00a0\u00bb219&Prime; img_size=\u00a0\u00bbfull\u00a0\u00bb alignment=\u00a0\u00bbcenter\u00a0\u00bb][vc_column_text]<\/p>\n<h3>Tous les a\u00e9roports actifs<\/h3>\n<p>Nous travaillons sur les a\u00e9roport les plus actif d\u2019europe : Bruxelles | Charleroi | Paris | Berlin | Amsterdam[\/vc_column_text][\/vc_column_inner][vc_column_inner width=\u00a0\u00bb1\/4&Prime;][vc_single_image image=\u00a0\u00bb214&Prime; img_size=\u00a0\u00bbfull\u00a0\u00bb alignment=\u00a0\u00bbcenter\u00a0\u00bb][vc_column_text]<\/p>\n<h3 class=\"r\">Chauffeurs professionnels<\/h3>\n<p>Votre chauffeur vous attendra \u00e0 l\u2019a\u00e9roport portant une Pancarte \u00e0 votre Nom.[\/vc_column_text][\/vc_column_inner][\/vc_row_inner][vc_row_inner css=\u00a0\u00bb.vc_custom_1483814902744{padding-top: 15px !important;padding-bottom: 25px !important;}\u00a0\u00bb el_class=\u00a0\u00bbhow-it-work-section container \u00ab\u00a0][vc_column_inner width=\u00a0\u00bb1\/4&Prime;][vc_single_image image=\u00a0\u00bb764&Prime; img_size=\u00a0\u00bbfull\u00a0\u00bb alignment=\u00a0\u00bbcenter\u00a0\u00bb][vc_column_text]<\/p>\n<h3>Transport ville-\u00e0-ville<\/h3>\n<p>Service de taxi intercity \u00e0 l\u2019int\u00e9rieur de la Belgique. Nous sommes sp\u00e9cialis\u00e9s dans les transferts intercity, les transferts de l\u2019a\u00e9roport et les transferts d\u2019affaire.[\/vc_column_text][\/vc_column_inner][vc_column_inner width=\u00a0\u00bb1\/4&Prime;][vc_single_image image=\u00a0\u00bb765&Prime; img_size=\u00a0\u00bbfull\u00a0\u00bb alignment=\u00a0\u00bbcenter\u00a0\u00bb][vc_column_text]<\/p>\n<h3>Prix<\/h3>\n<p>Taxi Official\u00a0travaille avec des tarifs clairs et fixes. Nous vous demandons aucuns frais suppl\u00e9mentaires.[\/vc_column_text][\/vc_column_inner][vc_column_inner width=\u00a0\u00bb1\/4&Prime;][vc_single_image image=\u00a0\u00bb767&Prime; img_size=\u00a0\u00bbfull\u00a0\u00bb alignment=\u00a0\u00bbcenter\u00a0\u00bb][vc_column_text]<\/p>\n<h3>Service VIP<\/h3>\n<p>Nous offrons des transports VIP professionnels. Service de limousine, pick ups \u00e0 l\u2019a\u00e9roport, transferts vers les a\u00e9roports et transport de groupe.[\/vc_column_text][\/vc_column_inner][vc_column_inner width=\u00a0\u00bb1\/4&Prime;][vc_single_image image=\u00a0\u00bb913&Prime; img_size=\u00a0\u00bbfull\u00a0\u00bb alignment=\u00a0\u00bbcenter\u00a0\u00bb][vc_column_text]<\/p>\n<h3>CHAUFFEUR PRIV\u00c9<\/h3>\n<p>Comptez sur des v\u00e9hicules ainsi que des chauffeurs agr\u00e9\u00e9s et assur\u00e9s qui op\u00e8rent dans le strict respect des lois et r\u00e9gulations locales.[\/vc_column_text][\/vc_column_inner][\/vc_row_inner][\/vc_column][\/vc_row]<\/p>\n","protected":false},"excerpt":{"rendered":"<p>[vc_row el_class=\u00a0\u00bbhomepage-slider bg-attached\u00a0\u00bb css=\u00a0\u00bb.vc_custom_1512680638564{padding-top: 100px !important;padding-bottom: 80px !important;background-image: url(https:\/\/taxiofficial.be\/wp-content\/uploads\/2017\/01\/business2.jpg?id=464) !important;background-position: center !important;background-repeat: no-repeat !important;background-size: cover !important;}\u00a0\u00bb][vc_column][vc_custom_heading text=\u00a0\u00bbTaxi Navettes au meilleur prix\u00a0\u00bb font_container=\u00a0\u00bbtag:h1|text_align:center|color:%23ffffff\u00a0\u00bb google_fonts=\u00a0\u00bbfont_family:Open%20Sans%3A300%2C300italic%2Cregular%2Citalic%2C600%2C600italic%2C700%2C700italic%2C800%2C800italic|font_style:300%20light%20regular%3A300%3Anormal\u00a0\u00bb][vc_btn title=\u00a0\u00bb+32 465 65 52 91&Prime; align=\u00a0\u00bbcenter\u00a0\u00bb link=\u00a0\u00bburl:tel%3A%2B32467631018|||\u00a0\u00bb el_class=\u00a0\u00bb slide-call-btn\u00a0\u00bb][vc_column_text css=\u00a0\u00bb.vc_custom_1542279964015{border-top-width: 2px !important;border-right-width: 2px !important;border-bottom-width: 2px !important;border-left-width: 2px !important;background-color: #ffffff !important;border-left-color: #dd3333 !important;border-left-style: solid !important;border-right-color: #dd3333 !important;border-right-style: solid !important;border-top-color: #dd3333 !important;border-top-style: solid !important;border-bottom-color: [&hellip;]<\/p>\n","protected":false},"author":1,"featured_media":0,"parent":0,"menu_order":0,"comment_status":"closed","ping_status":"closed","template":"home-page.php","meta":{"_monsterinsights_skip_tracking":false,"_monsterinsights_sitenote_active":false,"_monsterinsights_sitenote_note":"","_monsterinsights_sitenote_category":0,"footnotes":""},"yst_prominent_words":[286,725,724,169,291,620,268,278,288,283,293,165,281,277,294,726,279,723,287,280],"class_list":["post-325","page","type-page","status-publish","hentry"],"_links":{"self":[{"href":"https:\/\/www.taxiofficial.be\/fr\/wp-json\/wp\/v2\/pages\/325","targetHints":{"allow":["GET"]}}],"collection":[{"href":"https:\/\/www.taxiofficial.be\/fr\/wp-json\/wp\/v2\/pages"}],"about":[{"href":"https:\/\/www.taxiofficial.be\/fr\/wp-json\/wp\/v2\/types\/page"}],"author":[{"embeddable":true,"href":"https:\/\/www.taxiofficial.be\/fr\/wp-json\/wp\/v2\/users\/1"}],"replies":[{"embeddable":true,"href":"https:\/\/www.taxiofficial.be\/fr\/wp-json\/wp\/v2\/comments?post=325"}],"version-history":[{"count":30,"href":"https:\/\/www.taxiofficial.be\/fr\/wp-json\/wp\/v2\/pages\/325\/revisions"}],"predecessor-version":[{"id":2912,"href":"https:\/\/www.taxiofficial.be\/fr\/wp-json\/wp\/v2\/pages\/325\/revisions\/2912"}],"wp:attachment":[{"href":"https:\/\/www.taxiofficial.be\/fr\/wp-json\/wp\/v2\/media?parent=325"}],"wp:term":[{"taxonomy":"yst_prominent_words","embeddable":true,"href":"https:\/\/www.taxiofficial.be\/fr\/wp-json\/wp\/v2\/yst_prominent_words?post=325"}],"curies":[{"name":"wp","href":"https:\/\/api.w.org\/{rel}","templated":true}]}}